{"id":25461,"date":"2023-07-14T10:35:36","date_gmt":"2023-07-14T08:35:36","guid":{"rendered":"https:\/\/coweeducation.com\/?page_id=25461"},"modified":"2023-07-18T18:27:36","modified_gmt":"2023-07-18T16:27:36","slug":"children-of-world-e-education","status":"publish","type":"page","link":"https:\/\/coweeducation.com\/index.php\/home\/children-of-world-e-education\/","title":{"rendered":"Children Of World E Education"},"content":{"rendered":"\n<figure class=\"wp-block-image alignfull\"><img decoding=\"async\" loading=\"lazy\" width=\"704\" height=\"304\" src=\"https:\/\/coweeducation.com\/wp-content\/uploads\/2023\/07\/WhatsApp-Image-2023-07-14-at-10.45.09-1.jpeg\" alt=\"\" class=\"wp-image-25473\" srcset=\"https:\/\/coweeducation.com\/wp-content\/uploads\/2023\/07\/WhatsApp-Image-2023-07-14-at-10.45.09-1.jpeg 704w, https:\/\/coweeducation.com\/wp-content\/uploads\/2023\/07\/WhatsApp-Image-2023-07-14-at-10.45.09-1-300x130.jpeg 300w, https:\/\/coweeducation.com\/wp-content\/uploads\/2023\/07\/WhatsApp-Image-2023-07-14-at-10.45.09-1-600x259.jpeg 600w\" sizes=\"(max-width: 704px) 100vw, 704px\" \/><\/figure>\n\n\n\n<div class=\"wp-block-columns is-layout-flex wp-container-2\">\n<div class=\"wp-block-column is-layout-flow\">\n<h2 class=\"wp-block-heading has-text-align-center\">Nos \u00e9pisodes r\u00e9centes<\/h2>\n\n\n\n<p>Que se passe-t-il avec ces \u00e9pisodes ? Les auditeurs curieux veulent savoir, alors allez-y, rejoignez gratuitement  notre communaut\u00e9 en ligne pour plus d&#8217;informations,  cliquez ensuite sur le formulaire d&#8217;enregistrement en ligne pour choisir le pack qui vous convient. Enfin, d\u00e9couvrez comment les enfants apprennent en s&#8217;amusant. Votre enfant sera peut \u00eatre le prochain pr\u00e9sentateur de l\u2019\u00e9pisode.<\/p>\n<\/div>\n<\/div>\n\n\n\n<h2 class=\"wp-block-heading has-text-align-center\">Sessions de 02 ans \u00e0 07 ans<\/h2>\n\n\n\n<div class=\"wp-block-columns are-vertically-aligned-top is-layout-flex wp-container-12\">\n<div class=\"wp-block-column is-vertically-aligned-top is-layout-flow\">\n<div class=\"wp-block-columns is-layout-flex wp-container-4\">\n<div class=\"wp-block-column is-layout-flow\">\n<figure class=\"wp-block-image alignfull size-medium\"><img decoding=\"async\" loading=\"lazy\" width=\"300\" height=\"300\" src=\"https:\/\/coweeducation.com\/wp-content\/uploads\/2023\/07\/WhatsApp-Image-2023-07-14-at-11.08.02-300x300.jpeg\" alt=\"\" class=\"wp-image-25477\" srcset=\"https:\/\/coweeducation.com\/wp-content\/uploads\/2023\/07\/WhatsApp-Image-2023-07-14-at-11.08.02-300x300.jpeg 300w, https:\/\/coweeducation.com\/wp-content\/uploads\/2023\/07\/WhatsApp-Image-2023-07-14-at-11.08.02-1024x1024.jpeg 1024w, https:\/\/coweeducation.com\/wp-content\/uploads\/2023\/07\/WhatsApp-Image-2023-07-14-at-11.08.02-150x150.jpeg 150w, https:\/\/coweeducation.com\/wp-content\/uploads\/2023\/07\/WhatsApp-Image-2023-07-14-at-11.08.02-768x768.jpeg 768w, https:\/\/coweeducation.com\/wp-content\/uploads\/2023\/07\/WhatsApp-Image-2023-07-14-at-11.08.02-600x600.jpeg 600w, https:\/\/coweeducation.com\/wp-content\/uploads\/2023\/07\/WhatsApp-Image-2023-07-14-at-11.08.02-100x100.jpeg 100w, https:\/\/coweeducation.com\/wp-content\/uploads\/2023\/07\/WhatsApp-Image-2023-07-14-at-11.08.02.jpeg 1080w\" sizes=\"(max-width: 300px) 100vw, 300px\" \/><figcaption class=\"wp-element-caption\">\u00c9PISODE 01: <strong>Cours d\u2019informatique pour enfants<\/strong><\/figcaption><\/figure>\n\n\n\n<p><\/p>\n<\/div>\n<\/div>\n<\/div>\n\n\n\n<div class=\"wp-block-column is-vertically-aligned-top is-layout-flow\">\n<div class=\"wp-block-columns is-layout-flex wp-container-7\">\n<div class=\"wp-block-column is-layout-flow\">\n<figure class=\"wp-block-image alignfull size-large is-style-default\"><img decoding=\"async\" loading=\"lazy\" width=\"1024\" height=\"1024\" src=\"https:\/\/coweeducation.com\/wp-content\/uploads\/2023\/07\/WhatsApp-Image-2023-07-14-at-11.21.46-1024x1024.jpeg\" alt=\"\" class=\"wp-image-25479\" srcset=\"https:\/\/coweeducation.com\/wp-content\/uploads\/2023\/07\/WhatsApp-Image-2023-07-14-at-11.21.46-1024x1024.jpeg 1024w, https:\/\/coweeducation.com\/wp-content\/uploads\/2023\/07\/WhatsApp-Image-2023-07-14-at-11.21.46-300x300.jpeg 300w, https:\/\/coweeducation.com\/wp-content\/uploads\/2023\/07\/WhatsApp-Image-2023-07-14-at-11.21.46-150x150.jpeg 150w, https:\/\/coweeducation.com\/wp-content\/uploads\/2023\/07\/WhatsApp-Image-2023-07-14-at-11.21.46-768x768.jpeg 768w, https:\/\/coweeducation.com\/wp-content\/uploads\/2023\/07\/WhatsApp-Image-2023-07-14-at-11.21.46-600x600.jpeg 600w, https:\/\/coweeducation.com\/wp-content\/uploads\/2023\/07\/WhatsApp-Image-2023-07-14-at-11.21.46-100x100.jpeg 100w, https:\/\/coweeducation.com\/wp-content\/uploads\/2023\/07\/WhatsApp-Image-2023-07-14-at-11.21.46.jpeg 1080w\" sizes=\"(max-width: 1024px) 100vw, 1024px\" \/><figcaption class=\"wp-element-caption\">\u00c9PISODE 02:<strong> Pourquoi les repas en famille sont importants<\/strong> ?<\/figcaption><\/figure>\n\n\n\n<p><\/p>\n<\/div>\n<\/div>\n<\/div>\n\n\n\n<div class=\"wp-block-column is-vertically-aligned-top is-layout-flow\">\n<div class=\"wp-block-columns is-layout-flex wp-container-10\">\n<div class=\"wp-block-column is-layout-flow\">\n<figure class=\"wp-block-image alignfull size-large\"><img decoding=\"async\" loading=\"lazy\" width=\"1024\" height=\"1024\" src=\"https:\/\/coweeducation.com\/wp-content\/uploads\/2023\/07\/WhatsApp-Image-2023-07-14-at-11.19.07-1-1024x1024.jpeg\" alt=\"\" class=\"wp-image-25483\" srcset=\"https:\/\/coweeducation.com\/wp-content\/uploads\/2023\/07\/WhatsApp-Image-2023-07-14-at-11.19.07-1-1024x1024.jpeg 1024w, https:\/\/coweeducation.com\/wp-content\/uploads\/2023\/07\/WhatsApp-Image-2023-07-14-at-11.19.07-1-300x300.jpeg 300w, https:\/\/coweeducation.com\/wp-content\/uploads\/2023\/07\/WhatsApp-Image-2023-07-14-at-11.19.07-1-150x150.jpeg 150w, https:\/\/coweeducation.com\/wp-content\/uploads\/2023\/07\/WhatsApp-Image-2023-07-14-at-11.19.07-1-768x768.jpeg 768w, https:\/\/coweeducation.com\/wp-content\/uploads\/2023\/07\/WhatsApp-Image-2023-07-14-at-11.19.07-1-600x600.jpeg 600w, https:\/\/coweeducation.com\/wp-content\/uploads\/2023\/07\/WhatsApp-Image-2023-07-14-at-11.19.07-1-100x100.jpeg 100w, https:\/\/coweeducation.com\/wp-content\/uploads\/2023\/07\/WhatsApp-Image-2023-07-14-at-11.19.07-1.jpeg 1080w\" sizes=\"(max-width: 1024px) 100vw, 1024px\" \/><figcaption class=\"wp-element-caption\">\u00c9PISODE 03: <strong>Jeux d\u2019\u00e9veil des sens<\/strong><\/figcaption><\/figure>\n<\/div>\n<\/div>\n<\/div>\n<\/div>\n\n\n\n<h2 class=\"wp-block-heading has-text-align-center\">Sessions de 08 ans \u00e0 13 ans<\/h2>\n\n\n\n<div class=\"wp-block-uagb-container uagb-block-e974938b alignfull uagb-is-root-container\"><div class=\"uagb-container-inner-blocks-wrap\">\n<div class=\"wp-block-uagb-container uagb-block-ba6a8e0a\">\n<div class=\"wp-block-uagb-info-box uagb-block-1e3c2125 uagb-infobox__content-wrap  uagb-infobox-icon-above-title uagb-infobox-image-valign-top\"><div class=\"uagb-ifb-content\"><div class=\"uagb-ifb-image-content\"><img decoding=\"async\" src=\"https:\/\/coweeducation.com\/wp-content\/uploads\/2023\/07\/WhatsApp-Image-2023-07-18-at-12.04.47.jpeg\" alt=\"\" width=\"100\" height=\"100\" loading=\"lazy\"\/><\/div><div class=\"uagb-ifb-title-wrap\"><h4 class=\"uagb-ifb-title\">S\u00e9ance de p\u00e2tisserie<\/h4><\/div><p class=\"uagb-ifb-desc\">Rejoignez Davila \u00e2g\u00e9e de 09 ans Camerounaise r\u00e9sidente dans ses sessions en ligne et pr\u00e9sentielles des cake&#8217;s design.<\/p><\/div><\/div>\n<\/div>\n\n\n\n<div class=\"wp-block-uagb-container uagb-block-874125c8\">\n<div class=\"wp-block-uagb-info-box uagb-block-6f5a2b9a uagb-infobox__content-wrap  uagb-infobox-icon-above-title uagb-infobox-image-valign-top\"><div class=\"uagb-ifb-content\"><div class=\"uagb-ifb-image-content\"><img decoding=\"async\" src=\"https:\/\/coweeducation.com\/wp-content\/uploads\/2023\/07\/WhatsApp-Image-2023-07-18-at-13.25.32.jpeg\" alt=\"\" width=\"100\" height=\"100\" loading=\"lazy\"\/><\/div><div class=\"uagb-ifb-title-wrap\"><h4 class=\"uagb-ifb-title\">Rangement et d\u00e9co maison<\/h4><\/div><p class=\"uagb-ifb-desc\">Rejoignez Tata Salom\u00e9 Magloire styliste Mod\u00e9liste et bien d&#8217;autres pour les astuces  de d\u00e9co interne et habillement.<\/p><\/div><\/div>\n<\/div>\n\n\n\n<div class=\"wp-block-uagb-container uagb-block-ec9a0c3b\">\n<div class=\"wp-block-uagb-info-box uagb-block-733580e9 uagb-infobox__content-wrap  uagb-infobox-icon-above-title uagb-infobox-image-valign-top\"><div class=\"uagb-ifb-content\"><div class=\"uagb-ifb-image-content\"><img decoding=\"async\" src=\"https:\/\/coweeducation.com\/wp-content\/uploads\/2023\/07\/WhatsApp-Image-2023-07-18-at-14.47.09.jpeg\" alt=\"\" width=\"100\" height=\"100\" loading=\"lazy\"\/><\/div><div class=\"uagb-ifb-title-wrap\"><h4 class=\"uagb-ifb-title\">R\u00e9vision cours scolaire<\/h4><\/div><p class=\"uagb-ifb-desc\">Rejoignez nos enseignants sp\u00e9cialis\u00e9s en ligne et en pr\u00e9sentiel pour des r\u00e9visions d&#8217;ensemble sur diff\u00e9rentes mati\u00e8res.<\/p><\/div><\/div>\n<\/div>\n<\/div><\/div>\n\n\n\n<div class=\"wp-block-uagb-container uagb-block-a776b354 alignfull uagb-is-root-container\"><div class=\"uagb-container-inner-blocks-wrap\">\n<div class=\"wp-block-uagb-container uagb-block-9ab5d9ca\">\n<div class=\"wp-block-uagb-info-box uagb-block-1e3da588 uagb-infobox__content-wrap  uagb-infobox-icon-above-title uagb-infobox-image-valign-top\"><div class=\"uagb-ifb-content\"><div class=\"uagb-ifb-title-wrap\"><h2 class=\"uagb-ifb-title\">A propos des adolescents de 14 ans et plus<\/h2><\/div><p class=\"uagb-ifb-desc\">Plusieurs ateliers et activit\u00e9s \u00e9ducatives et sociales sont organis\u00e9es avec nos experts en ligne et en pr\u00e9sentiel. Rejoignez notre communaut\u00e9 et prenez plus d&#8217;ample informations.<\/p><\/div><\/div>\n<\/div>\n\n\n\n<div class=\"wp-block-uagb-container uagb-block-bbc3161b\">\n<div class=\"wp-block-uagb-image alignwide uagb-block-9a1c1d57 wp-block-uagb-image--layout-default wp-block-uagb-image--effect-static wp-block-uagb-image--align-wide\"><figure class=\"wp-block-uagb-image__figure\"><img decoding=\"async\" srcset=\"https:\/\/coweeducation.com\/wp-content\/uploads\/2023\/07\/WhatsApp-Image-2023-07-18-at-15.36.19.jpeg ,https:\/\/coweeducation.com\/wp-content\/uploads\/2022\/10\/Our-Mission-min.jpg 780w, https:\/\/coweeducation.com\/wp-content\/uploads\/2023\/07\/WhatsApp-Image-2023-07-18-at-15.36.19.jpeg 360w\" sizes=\"(max-width: 480px) 150px\" src=\"https:\/\/coweeducation.com\/wp-content\/uploads\/2023\/07\/WhatsApp-Image-2023-07-18-at-15.36.19.jpeg\" alt=\"\" class=\"uag-image-25541\" width=\"606\" height=\"1080\" title=\"\" loading=\"lazy\"\/><\/figure><\/div>\n<\/div>\n<\/div><\/div>\n\n\n\n<div class=\"wp-block-uagb-container uagb-block-beb08f5d alignfull uagb-is-root-container\"><div class=\"uagb-container__video-wrap\"><video autoplay loop muted playsinline><source src=\"https:\/\/coweeducation.com\/wp-content\/uploads\/2023\/07\/import_60657e4054c459.62086494_FPpreview.mp4\" type=\"video\/mp4\"\/><\/video><\/div><div class=\"uagb-container-inner-blocks-wrap\">\n<div class=\"wp-block-uagb-call-to-action uagb-block-c9a70025 wp-block-button\"><div class=\"uagb-cta__wrap\"><h2 class=\"uagb-cta__title\">Formulaire d&#8217;enregistrement<\/h2><p class=\"uagb-cta__desc\">Remplissez vite le formulaire de r\u00e9servez votre place ou celle de vos enfants dans nos sessions en ligne ou pr\u00e9sentielles.<\/p><\/div><div class=\"uagb-cta__buttons\"><a href=\"https:\/\/docs.google.com\/forms\/d\/e\/1FAIpQLSfXuwLLtkeetH8oZEW2AaYgLzia-6cirOOYvyIK58O9JpN6Jw\/viewform?vc=0&amp;c=0&amp;w=1&amp;flr=0\" class=\"uagb-cta__button-link-wrapper wp-block-button__link\" target=\"_blank\" rel=\"noopener noreferrer\">GET IN TOUCH<\/a><\/div><\/div>\n<\/div><\/div>\n","protected":false},"excerpt":{"rendered":"<p>Nos \u00e9pisodes r\u00e9centes Que se passe-t-il avec ces \u00e9pisodes ? Les auditeurs curieux veulent savoir, alors allez-y, rejoignez gratuitement notre communaut\u00e9 en ligne pour plus d&#8217;informations, cliquez ensuite sur le formulaire d&#8217;enregistrement en ligne pour choisir le pack qui vous convient. Enfin, d\u00e9couvrez comment les enfants apprennent en s&#8217;amusant. Votre enfant sera peut \u00eatre le &hellip;<\/p>\n<p class=\"read-more\"> <a class=\"\" href=\"https:\/\/coweeducation.com\/index.php\/home\/children-of-world-e-education\/\"> <span class=\"screen-reader-text\">Children Of World E Education<\/span> Read More &raquo;<\/a><\/p>\n","protected":false},"author":1,"featured_media":0,"parent":1448,"menu_order":1,"comment_status":"closed","ping_status":"closed","template":"","meta":{"_uag_custom_page_level_css":"","site-sidebar-layout":"default","site-content-layout":"default","ast-global-header-display":"","ast-banner-title-visibility":"","ast-main-header-display":"","ast-hfb-above-header-display":"","ast-hfb-below-header-display":"","ast-hfb-mobile-header-display":"","site-post-title":"","ast-breadcrumbs-content":"","ast-featured-img":"","footer-sml-layout":"","theme-transparent-header-meta":"","adv-header-id-meta":"","stick-header-meta":"","header-above-stick-meta":"","header-main-stick-meta":"","header-below-stick-meta":""},"uagb_featured_image_src":{"full":false,"thumbnail":false,"medium":false,"medium_large":false,"large":false,"1536x1536":false,"2048x2048":false,"woocommerce_thumbnail":false,"woocommerce_single":false,"woocommerce_gallery_thumbnail":false},"uagb_author_info":{"display_name":"coweeadmin","author_link":"https:\/\/coweeducation.com\/index.php\/author\/coweeadmin\/"},"uagb_comment_info":0,"uagb_excerpt":"Nos \u00e9pisodes r\u00e9centes Que se passe-t-il avec ces \u00e9pisodes ? Les auditeurs curieux veulent savoir, alors allez-y, rejoignez gratuitement notre communaut\u00e9 en ligne pour plus d&#8217;informations, cliquez ensuite sur le formulaire d&#8217;enregistrement en ligne pour choisir le pack qui vous convient. Enfin, d\u00e9couvrez comment les enfants apprennent en s&#8217;amusant. Votre enfant sera peut \u00eatre le&hellip;","_links":{"self":[{"href":"https:\/\/coweeducation.com\/index.php\/wp-json\/wp\/v2\/pages\/25461"}],"collection":[{"href":"https:\/\/coweeducation.com\/index.php\/wp-json\/wp\/v2\/pages"}],"about":[{"href":"https:\/\/coweeducation.com\/index.php\/wp-json\/wp\/v2\/types\/page"}],"author":[{"embeddable":true,"href":"https:\/\/coweeducation.com\/index.php\/wp-json\/wp\/v2\/users\/1"}],"replies":[{"embeddable":true,"href":"https:\/\/coweeducation.com\/index.php\/wp-json\/wp\/v2\/comments?post=25461"}],"version-history":[{"count":23,"href":"https:\/\/coweeducation.com\/index.php\/wp-json\/wp\/v2\/pages\/25461\/revisions"}],"predecessor-version":[{"id":25548,"href":"https:\/\/coweeducation.com\/index.php\/wp-json\/wp\/v2\/pages\/25461\/revisions\/25548"}],"up":[{"embeddable":true,"href":"https:\/\/coweeducation.com\/index.php\/wp-json\/wp\/v2\/pages\/1448"}],"wp:attachment":[{"href":"https:\/\/coweeducation.com\/index.php\/wp-json\/wp\/v2\/media?parent=25461"}],"curies":[{"name":"wp","href":"https:\/\/api.w.org\/{rel}","templated":true}]}}