{"id":1448,"date":"2022-08-25T13:27:00","date_gmt":"2022-08-25T13:27:00","guid":{"rendered":"https:\/\/coweeducation.com\/index.php\/home\/"},"modified":"2023-07-20T17:08:11","modified_gmt":"2023-07-20T15:08:11","slug":"home","status":"publish","type":"page","link":"https:\/\/coweeducation.com\/","title":{"rendered":"ACCEUIL"},"content":{"rendered":"\t\t<div data-elementor-type=\"wp-page\" data-elementor-id=\"1448\" class=\"elementor elementor-1448\">\n\t\t\t\t\t\t\t\t\t<section class=\"elementor-section elementor-top-section elementor-element elementor-element-0a002a8 elementor-section-height-min-height elementor-section-items-top elementor-section-boxed elementor-section-height-default\" data-id=\"0a002a8\" data-element_type=\"section\" data-settings=\"{&quot;background_background&quot;:&quot;classic&quot;}\">\n\t\t\t\t\t\t\t<div class=\"elementor-background-overlay\"><\/div>\n\t\t\t\t\t\t\t<div class=\"elementor-container elementor-column-gap-default\">\n\t\t\t\t\t<div class=\"elementor-column elementor-col-100 elementor-top-column elementor-element elementor-element-8d46742\" data-id=\"8d46742\" data-element_type=\"column\">\n\t\t\t<div class=\"elementor-widget-wrap elementor-element-populated\">\n\t\t\t\t\t\t\t\t<div class=\"elementor-element elementor-element-7876f5c elementor-widget elementor-widget-spacer\" data-id=\"7876f5c\" data-element_type=\"widget\" data-widget_type=\"spacer.default\">\n\t\t\t\t<div class=\"elementor-widget-container\">\n\t\t\t<style>\/*! elementor - v3.14.0 - 18-06-2023 *\/\n.elementor-column .elementor-spacer-inner{height:var(--spacer-size)}.e-con{--container-widget-width:100%}.e-con-inner>.elementor-widget-spacer,.e-con>.elementor-widget-spacer{width:var(--container-widget-width,var(--spacer-size));--align-self:var(--container-widget-align-self,initial);--flex-shrink:0}.e-con-inner>.elementor-widget-spacer>.elementor-widget-container,.e-con-inner>.elementor-widget-spacer>.elementor-widget-container>.elementor-spacer,.e-con>.elementor-widget-spacer>.elementor-widget-container,.e-con>.elementor-widget-spacer>.elementor-widget-container>.elementor-spacer{height:100%}.e-con-inner>.elementor-widget-spacer>.elementor-widget-container>.elementor-spacer>.elementor-spacer-inner,.e-con>.elementor-widget-spacer>.elementor-widget-container>.elementor-spacer>.elementor-spacer-inner{height:var(--container-widget-height,var(--spacer-size))}<\/style>\t\t<div class=\"elementor-spacer\">\n\t\t\t<div class=\"elementor-spacer-inner\"><\/div>\n\t\t<\/div>\n\t\t\t\t<\/div>\n\t\t\t\t<\/div>\n\t\t\t\t<div class=\"elementor-element elementor-element-fbdc8cf elementor-widget__width-initial elementor-widget elementor-widget-heading\" data-id=\"fbdc8cf\" data-element_type=\"widget\" data-widget_type=\"heading.default\">\n\t\t\t\t<div class=\"elementor-widget-container\">\n\t\t\t<style>\/*! elementor - v3.14.0 - 18-06-2023 *\/\n.elementor-heading-title{padding:0;margin:0;line-height:1}.elementor-widget-heading .elementor-heading-title[class*=elementor-size-]>a{color:inherit;font-size:inherit;line-height:inherit}.elementor-widget-heading .elementor-heading-title.elementor-size-small{font-size:15px}.elementor-widget-heading .elementor-heading-title.elementor-size-medium{font-size:19px}.elementor-widget-heading .elementor-heading-title.elementor-size-large{font-size:29px}.elementor-widget-heading .elementor-heading-title.elementor-size-xl{font-size:39px}.elementor-widget-heading .elementor-heading-title.elementor-size-xxl{font-size:59px}<\/style><h1 class=\"elementor-heading-title elementor-size-default\">Bienvenue<\/h1>\t\t<\/div>\n\t\t\t\t<\/div>\n\t\t\t\t<div class=\"elementor-element elementor-element-47069c6 elementor-widget__width-initial elementor-widget elementor-widget-heading\" data-id=\"47069c6\" data-element_type=\"widget\" data-widget_type=\"heading.default\">\n\t\t\t\t<div class=\"elementor-widget-container\">\n\t\t\t<h2 class=\"elementor-heading-title elementor-size-default\">sur le portail de cowe-education<\/h2>\t\t<\/div>\n\t\t\t\t<\/div>\n\t\t\t\t<div class=\"elementor-element elementor-element-dd8e2ac elementor-align-center elementor-widget elementor-widget-button\" data-id=\"dd8e2ac\" data-element_type=\"widget\" data-widget_type=\"button.default\">\n\t\t\t\t<div class=\"elementor-widget-container\">\n\t\t\t\t\t<div class=\"elementor-button-wrapper\">\n\t\t\t<a class=\"elementor-button elementor-button-link elementor-size-sm\" href=\"https:\/\/coweeducation.com\/index.php\/home\/children-of-world-e-education\">\n\t\t\t\t\t\t<span class=\"elementor-button-content-wrapper\">\n\t\t\t\t\t\t<span class=\"elementor-button-text\">Decouvrez<\/span>\n\t\t<\/span>\n\t\t\t\t\t<\/a>\n\t\t<\/div>\n\t\t\t\t<\/div>\n\t\t\t\t<\/div>\n\t\t\t\t\t<\/div>\n\t\t<\/div>\n\t\t\t\t\t\t\t<\/div>\n\t\t<\/section>\n\t\t\t\t<section class=\"elementor-section elementor-top-section elementor-element elementor-element-6e2f681 elementor-section-boxed elementor-section-height-default elementor-section-height-default\" data-id=\"6e2f681\" data-element_type=\"section\">\n\t\t\t\t\t\t<div class=\"elementor-container elementor-column-gap-wide\">\n\t\t\t\t\t<div class=\"elementor-column elementor-col-50 elementor-top-column elementor-element elementor-element-e8c6ac4\" data-id=\"e8c6ac4\" data-element_type=\"column\" data-settings=\"{&quot;background_background&quot;:&quot;classic&quot;}\">\n\t\t\t<div class=\"elementor-widget-wrap elementor-element-populated\">\n\t\t\t\t\t\t\t\t<div class=\"elementor-element elementor-element-dfec25a elementor-widget elementor-widget-heading\" data-id=\"dfec25a\" data-element_type=\"widget\" data-widget_type=\"heading.default\">\n\t\t\t\t<div class=\"elementor-widget-container\">\n\t\t\t<h2 class=\"elementor-heading-title elementor-size-default\">COWE EDucation  <br>c'est quoi ?<\/h2>\t\t<\/div>\n\t\t\t\t<\/div>\n\t\t\t\t<div class=\"elementor-element elementor-element-b9d0bf1 elementor-widget elementor-widget-text-editor\" data-id=\"b9d0bf1\" data-element_type=\"widget\" data-widget_type=\"text-editor.default\">\n\t\t\t\t<div class=\"elementor-widget-container\">\n\t\t\t<style>\/*! elementor - v3.14.0 - 18-06-2023 *\/\n.elementor-widget-text-editor.elementor-drop-cap-view-stacked .elementor-drop-cap{background-color:#69727d;color:#fff}.elementor-widget-text-editor.elementor-drop-cap-view-framed .elementor-drop-cap{color:#69727d;border:3px solid;background-color:transparent}.elementor-widget-text-editor:not(.elementor-drop-cap-view-default) .elementor-drop-cap{margin-top:8px}.elementor-widget-text-editor:not(.elementor-drop-cap-view-default) .elementor-drop-cap-letter{width:1em;height:1em}.elementor-widget-text-editor .elementor-drop-cap{float:left;text-align:center;line-height:1;font-size:50px}.elementor-widget-text-editor .elementor-drop-cap-letter{display:inline-block}<\/style>\t\t\t\t<p style=\"text-align: center;\"><span style=\"color: #b0b0b0; font-family: YAEtfxocAz8-0;\"><span style=\"font-size: 24.3658px; font-variant-ligatures: none;\"><b>C\u2019est un concept Radicalement nouveau qui permet aux enfants d\u2019\u00e9changer 2H par semaine en live vid\u00e9o avec les autres enfants de la m\u00eame tranche et m\u00eame classe r\u00e9sidants dans un autre bout du monde.<\/b><\/span><\/span><\/p>\t\t\t\t\t\t<\/div>\n\t\t\t\t<\/div>\n\t\t\t\t\t<\/div>\n\t\t<\/div>\n\t\t\t\t<div class=\"elementor-column elementor-col-50 elementor-top-column elementor-element elementor-element-2851bf7\" data-id=\"2851bf7\" data-element_type=\"column\">\n\t\t\t<div class=\"elementor-widget-wrap elementor-element-populated\">\n\t\t\t\t\t\t\t\t<div class=\"elementor-element elementor-element-e3897f4 elementor-widget elementor-widget-image\" data-id=\"e3897f4\" data-element_type=\"widget\" data-widget_type=\"image.default\">\n\t\t\t\t<div class=\"elementor-widget-container\">\n\t\t\t<style>\/*! elementor - v3.14.0 - 18-06-2023 *\/\n.elementor-widget-image{text-align:center}.elementor-widget-image a{display:inline-block}.elementor-widget-image a img[src$=\".svg\"]{width:48px}.elementor-widget-image img{vertical-align:middle;display:inline-block}<\/style>\t\t\t\t\t\t\t\t\t\t\t\t<img decoding=\"async\" width=\"1024\" height=\"768\" src=\"https:\/\/coweeducation.com\/wp-content\/uploads\/2023\/06\/WhatsApp-Image-2023-06-24-at-19.56.23.jpeg\" class=\"attachment-large size-large wp-image-25261\" alt=\"\" loading=\"lazy\" srcset=\"https:\/\/coweeducation.com\/wp-content\/uploads\/2023\/06\/WhatsApp-Image-2023-06-24-at-19.56.23.jpeg 1024w, https:\/\/coweeducation.com\/wp-content\/uploads\/2023\/06\/WhatsApp-Image-2023-06-24-at-19.56.23-300x225.jpeg 300w, https:\/\/coweeducation.com\/wp-content\/uploads\/2023\/06\/WhatsApp-Image-2023-06-24-at-19.56.23-768x576.jpeg 768w, https:\/\/coweeducation.com\/wp-content\/uploads\/2023\/06\/WhatsApp-Image-2023-06-24-at-19.56.23-600x450.jpeg 600w\" sizes=\"(max-width: 1024px) 100vw, 1024px\" \/>\t\t\t\t\t\t\t\t\t\t\t\t\t\t\t<\/div>\n\t\t\t\t<\/div>\n\t\t\t\t\t<\/div>\n\t\t<\/div>\n\t\t\t\t\t\t\t<\/div>\n\t\t<\/section>\n\t\t\t\t<section class=\"elementor-section elementor-top-section elementor-element elementor-element-aff6ae1 elementor-section-boxed elementor-section-height-default elementor-section-height-default\" data-id=\"aff6ae1\" data-element_type=\"section\">\n\t\t\t\t\t\t<div class=\"elementor-container elementor-column-gap-wide\">\n\t\t\t\t\t<div class=\"elementor-column elementor-col-33 elementor-top-column elementor-element elementor-element-f8352c5\" data-id=\"f8352c5\" data-element_type=\"column\">\n\t\t\t<div class=\"elementor-widget-wrap elementor-element-populated\">\n\t\t\t\t\t\t\t\t<div class=\"elementor-element elementor-element-00d516a elementor-widget__width-initial elementor-widget elementor-widget-image\" data-id=\"00d516a\" data-element_type=\"widget\" data-widget_type=\"image.default\">\n\t\t\t\t<div class=\"elementor-widget-container\">\n\t\t\t\t\t\t\t\t\t\t\t\t\t\t\t<img decoding=\"async\" width=\"338\" height=\"338\" src=\"https:\/\/coweeducation.com\/wp-content\/uploads\/2023\/06\/WhatsApp-Image-2023-06-24-at-18.47.00.jpeg\" class=\"attachment-full size-full wp-image-25252\" alt=\"\" loading=\"lazy\" srcset=\"https:\/\/coweeducation.com\/wp-content\/uploads\/2023\/06\/WhatsApp-Image-2023-06-24-at-18.47.00.jpeg 338w, https:\/\/coweeducation.com\/wp-content\/uploads\/2023\/06\/WhatsApp-Image-2023-06-24-at-18.47.00-300x300.jpeg 300w, https:\/\/coweeducation.com\/wp-content\/uploads\/2023\/06\/WhatsApp-Image-2023-06-24-at-18.47.00-150x150.jpeg 150w, https:\/\/coweeducation.com\/wp-content\/uploads\/2023\/06\/WhatsApp-Image-2023-06-24-at-18.47.00-100x100.jpeg 100w\" sizes=\"(max-width: 338px) 100vw, 338px\" \/>\t\t\t\t\t\t\t\t\t\t\t\t\t\t\t<\/div>\n\t\t\t\t<\/div>\n\t\t\t\t<div class=\"elementor-element elementor-element-5774235 elementor-widget elementor-widget-heading\" data-id=\"5774235\" data-element_type=\"widget\" data-widget_type=\"heading.default\">\n\t\t\t\t<div class=\"elementor-widget-container\">\n\t\t\t<h4 class=\"elementor-heading-title elementor-size-default\">Nos sessions Vid\u00e9os en ligne<\/h4>\t\t<\/div>\n\t\t\t\t<\/div>\n\t\t\t\t<div class=\"elementor-element elementor-element-87870da elementor-widget elementor-widget-text-editor\" data-id=\"87870da\" data-element_type=\"widget\" data-widget_type=\"text-editor.default\">\n\t\t\t\t<div class=\"elementor-widget-container\">\n\t\t\t\t\t\t\t<p><span style=\"background-color: var(--ast-global-color-5); font-family: 'Times New Roman'; font-size: 13.66px; font-style: inherit; font-variant-ligatures: none; font-weight: inherit; color: var( --e-global-color-astglobalcolor2 );\">P<\/span><b><span style=\"background-color: var(--ast-global-color-5); font-family: 'Times New Roman'; font-size: 13.66px; font-style: inherit; font-variant-ligatures: none; color: var( --e-global-color-astglobalcolor2 );\">l<\/span><span style=\"background-color: var(--ast-global-color-5); font-family: 'Times New Roman'; font-size: 13.66px; font-style: inherit; font-variant-ligatures: none; color: var( --e-global-color-astglobalcolor2 );\">usieurs\u00a0 Th\u00e9matiques abord\u00e9es<\/span><span style=\"background-color: var(--ast-global-color-5); font-family: 'Times New Roman'; font-size: 13.66px; font-style: inherit; font-variant-ligatures: none; color: var( --e-global-color-astglobalcolor2 );\">:<\/span><\/b><\/p><ul><li><span style=\"font-size: 16px;\">Apprentissage des modules en informatique<\/span><\/li><li>Echange culturelle avec les autres<\/li><li>Jeux \u00e9ducationnels d&#8217;ensemble en live<\/li><li>Atelier de Journalisme en ligne<\/li><li>Aide \u00e0 l&#8217;orientation de l&#8217;apprenant avec la collaboration du parent de l&#8217;enseignant.<\/li><li>Echanges autour des documentaires \u00e9ducatifs partag\u00e9s au pr\u00e9alable avec les parents pour accord\u00a0<\/li><\/ul><div><p>\u00a0<\/p><\/div>\t\t\t\t\t\t<\/div>\n\t\t\t\t<\/div>\n\t\t\t\t\t<\/div>\n\t\t<\/div>\n\t\t\t\t<div class=\"elementor-column elementor-col-33 elementor-top-column elementor-element elementor-element-9fec389\" data-id=\"9fec389\" data-element_type=\"column\">\n\t\t\t<div class=\"elementor-widget-wrap elementor-element-populated\">\n\t\t\t\t\t\t\t\t<div class=\"elementor-element elementor-element-53ab989 elementor-widget__width-initial elementor-widget elementor-widget-image\" data-id=\"53ab989\" data-element_type=\"widget\" data-widget_type=\"image.default\">\n\t\t\t\t<div class=\"elementor-widget-container\">\n\t\t\t\t\t\t\t\t\t\t\t\t\t\t\t<img decoding=\"async\" width=\"612\" height=\"408\" src=\"https:\/\/coweeducation.com\/wp-content\/uploads\/2023\/06\/WhatsApp-Image-2023-06-24-at-18.55.36.jpeg\" class=\"attachment-full size-full wp-image-25249\" alt=\"\" loading=\"lazy\" srcset=\"https:\/\/coweeducation.com\/wp-content\/uploads\/2023\/06\/WhatsApp-Image-2023-06-24-at-18.55.36.jpeg 612w, https:\/\/coweeducation.com\/wp-content\/uploads\/2023\/06\/WhatsApp-Image-2023-06-24-at-18.55.36-300x200.jpeg 300w, https:\/\/coweeducation.com\/wp-content\/uploads\/2023\/06\/WhatsApp-Image-2023-06-24-at-18.55.36-600x400.jpeg 600w\" sizes=\"(max-width: 612px) 100vw, 612px\" \/>\t\t\t\t\t\t\t\t\t\t\t\t\t\t\t<\/div>\n\t\t\t\t<\/div>\n\t\t\t\t<div class=\"elementor-element elementor-element-4dea650 elementor-widget elementor-widget-heading\" data-id=\"4dea650\" data-element_type=\"widget\" data-widget_type=\"heading.default\">\n\t\t\t\t<div class=\"elementor-widget-container\">\n\t\t\t<h4 class=\"elementor-heading-title elementor-size-default\">Partenariat \u00e9cole<\/h4>\t\t<\/div>\n\t\t\t\t<\/div>\n\t\t\t\t<div class=\"elementor-element elementor-element-b5ddd55 elementor-widget elementor-widget-text-editor\" data-id=\"b5ddd55\" data-element_type=\"widget\" data-widget_type=\"text-editor.default\">\n\t\t\t\t<div class=\"elementor-widget-container\">\n\t\t\t\t\t\t\t<p>Nous accompagnons votre \u00e9cole en animant vos activit\u00e9s digitales, en organisant plusieurs activit\u00e9s interscolaire mais surtout nous aidons \u00e0 digitaliser vos \u00e9changes. Cr\u00e9er une visibilit\u00e9 en ligne, vos flyers, vos campagnes marketing, vos Logos.\u00a0<\/p>\t\t\t\t\t\t<\/div>\n\t\t\t\t<\/div>\n\t\t\t\t\t<\/div>\n\t\t<\/div>\n\t\t\t\t<div class=\"elementor-column elementor-col-33 elementor-top-column elementor-element elementor-element-a4b2aab\" data-id=\"a4b2aab\" data-element_type=\"column\">\n\t\t\t<div class=\"elementor-widget-wrap elementor-element-populated\">\n\t\t\t\t\t\t\t\t<div class=\"elementor-element elementor-element-83d3bf2 elementor-widget__width-initial elementor-widget elementor-widget-image\" data-id=\"83d3bf2\" data-element_type=\"widget\" data-widget_type=\"image.default\">\n\t\t\t\t<div class=\"elementor-widget-container\">\n\t\t\t\t\t\t\t\t\t\t\t\t\t\t\t<img decoding=\"async\" width=\"612\" height=\"432\" src=\"https:\/\/coweeducation.com\/wp-content\/uploads\/2023\/06\/WhatsApp-Image-2023-06-24-at-19.16.56.jpeg\" class=\"attachment-full size-full wp-image-25250\" alt=\"\" loading=\"lazy\" srcset=\"https:\/\/coweeducation.com\/wp-content\/uploads\/2023\/06\/WhatsApp-Image-2023-06-24-at-19.16.56.jpeg 612w, https:\/\/coweeducation.com\/wp-content\/uploads\/2023\/06\/WhatsApp-Image-2023-06-24-at-19.16.56-300x212.jpeg 300w, https:\/\/coweeducation.com\/wp-content\/uploads\/2023\/06\/WhatsApp-Image-2023-06-24-at-19.16.56-600x424.jpeg 600w\" sizes=\"(max-width: 612px) 100vw, 612px\" \/>\t\t\t\t\t\t\t\t\t\t\t\t\t\t\t<\/div>\n\t\t\t\t<\/div>\n\t\t\t\t<div class=\"elementor-element elementor-element-14b01c6 elementor-widget__width-initial elementor-widget elementor-widget-heading\" data-id=\"14b01c6\" data-element_type=\"widget\" data-widget_type=\"heading.default\">\n\t\t\t\t<div class=\"elementor-widget-container\">\n\t\t\t<h4 class=\"elementor-heading-title elementor-size-default\">Nos Formations 100% en ligne<\/h4>\t\t<\/div>\n\t\t\t\t<\/div>\n\t\t\t\t<div class=\"elementor-element elementor-element-f55e44c elementor-widget elementor-widget-text-editor\" data-id=\"f55e44c\" data-element_type=\"widget\" data-widget_type=\"text-editor.default\">\n\t\t\t\t<div class=\"elementor-widget-container\">\n\t\t\t\t\t\t\t<p>Nous offrons diverses formations en ligne:<\/p><ul><li>Formation en cr\u00e9ation de contenu web et r\u00e9seaux sociaux<\/li><li>Montage des site internet en 15 min<\/li><li>Cr\u00e9ation des logos et flyers pour entreprises<\/li><li>\u00a0Design graphique.<\/li><\/ul>\t\t\t\t\t\t<\/div>\n\t\t\t\t<\/div>\n\t\t\t\t\t<\/div>\n\t\t<\/div>\n\t\t\t\t\t\t\t<\/div>\n\t\t<\/section>\n\t\t\t\t<section class=\"elementor-section elementor-top-section elementor-element elementor-element-be8b1b9 elementor-section-content-middle elementor-section-boxed elementor-section-height-default elementor-section-height-default\" data-id=\"be8b1b9\" data-element_type=\"section\" data-settings=\"{&quot;background_background&quot;:&quot;classic&quot;}\">\n\t\t\t\t\t\t<div class=\"elementor-container elementor-column-gap-default\">\n\t\t\t\t\t<div class=\"elementor-column elementor-col-100 elementor-top-column elementor-element elementor-element-a45eb33\" data-id=\"a45eb33\" data-element_type=\"column\">\n\t\t\t<div class=\"elementor-widget-wrap elementor-element-populated\">\n\t\t\t\t\t\t\t\t<div class=\"elementor-element elementor-element-ed4759e elementor-widget elementor-widget-heading\" data-id=\"ed4759e\" data-element_type=\"widget\" data-widget_type=\"heading.default\">\n\t\t\t\t<div class=\"elementor-widget-container\">\n\t\t\t<h2 class=\"elementor-heading-title elementor-size-default\">RENCONTREZ NOS EXPERTS en ligne<\/h2>\t\t<\/div>\n\t\t\t\t<\/div>\n\t\t\t\t<div class=\"elementor-element elementor-element-c4f7b91 elementor-widget elementor-widget-text-editor\" data-id=\"c4f7b91\" data-element_type=\"widget\" data-widget_type=\"text-editor.default\">\n\t\t\t\t<div class=\"elementor-widget-container\">\n\t\t\t\t\t\t\t<p>Avez vous besoin d&#8217;un accompagnement pour d\u00e9velopper votre business ? Vous souhaitez avoir une discussion avec un expert en d\u00e9veloppement des applications web, mobile pour votre \u00e9cole ou votre entreprise ?\u00a0 Nous sommes disponibles pour parler de votre business, de nouveau projet, et de nouvelles opportunit\u00e9s.<\/p>\t\t\t\t\t\t<\/div>\n\t\t\t\t<\/div>\n\t\t\t\t<div class=\"elementor-element elementor-element-bbdc8f2 elementor-align-center elementor-widget elementor-widget-button\" data-id=\"bbdc8f2\" data-element_type=\"widget\" data-widget_type=\"button.default\">\n\t\t\t\t<div class=\"elementor-widget-container\">\n\t\t\t\t\t<div class=\"elementor-button-wrapper\">\n\t\t\t<a class=\"elementor-button elementor-button-link elementor-size-sm\" href=\"https:\/\/forms.gle\/F4P2VXeWHskTRxqe9\" target=\"_blank\">\n\t\t\t\t\t\t<span class=\"elementor-button-content-wrapper\">\n\t\t\t\t\t\t<span class=\"elementor-button-text\">ecrivez nous<\/span>\n\t\t<\/span>\n\t\t\t\t\t<\/a>\n\t\t<\/div>\n\t\t\t\t<\/div>\n\t\t\t\t<\/div>\n\t\t\t\t\t<\/div>\n\t\t<\/div>\n\t\t\t\t\t\t\t<\/div>\n\t\t<\/section>\n\t\t\t\t\t\t\t<\/div>\n\t\t","protected":false},"excerpt":{"rendered":"<p>Bienvenue sur le portail de cowe-education Decouvrez COWE EDucation c&#8217;est quoi ? C\u2019est un concept Radicalement nouveau qui permet aux enfants d\u2019\u00e9changer 2H par semaine en live vid\u00e9o avec les autres enfants de la m\u00eame tranche et m\u00eame classe r\u00e9sidants dans un autre bout du monde. Nos sessions Vid\u00e9os en ligne Plusieurs\u00a0 Th\u00e9matiques abord\u00e9es: Apprentissage &hellip;<\/p>\n<p class=\"read-more\"> <a class=\"\" href=\"https:\/\/coweeducation.com\/\"> <span class=\"screen-reader-text\">ACCEUIL<\/span> Read More &raquo;<\/a><\/p>\n","protected":false},"author":1,"featured_media":0,"parent":0,"menu_order":0,"comment_status":"closed","ping_status":"closed","template":"","meta":{"_uag_custom_page_level_css":"","site-sidebar-layout":"no-sidebar","site-content-layout":"page-builder","ast-global-header-display":"","ast-banner-title-visibility":"","ast-main-header-display":"","ast-hfb-above-header-display":"","ast-hfb-below-header-display":"","ast-hfb-mobile-header-display":"","site-post-title":"disabled","ast-breadcrumbs-content":"","ast-featured-img":"disabled","footer-sml-layout":"","theme-transparent-header-meta":"enabled","adv-header-id-meta":"","stick-header-meta":"","header-above-stick-meta":"","header-main-stick-meta":"","header-below-stick-meta":""},"uagb_featured_image_src":{"full":false,"thumbnail":false,"medium":false,"medium_large":false,"large":false,"1536x1536":false,"2048x2048":false,"woocommerce_thumbnail":false,"woocommerce_single":false,"woocommerce_gallery_thumbnail":false},"uagb_author_info":{"display_name":"coweeadmin","author_link":"https:\/\/coweeducation.com\/index.php\/author\/coweeadmin\/"},"uagb_comment_info":0,"uagb_excerpt":"Bienvenue sur le portail de cowe-education Decouvrez COWE EDucation c&#8217;est quoi ? C\u2019est un concept Radicalement nouveau qui permet aux enfants d\u2019\u00e9changer 2H par semaine en live vid\u00e9o avec les autres enfants de la m\u00eame tranche et m\u00eame classe r\u00e9sidants dans un autre bout du monde. Nos sessions Vid\u00e9os en ligne Plusieurs\u00a0 Th\u00e9matiques abord\u00e9es: Apprentissage&hellip;","_links":{"self":[{"href":"https:\/\/coweeducation.com\/index.php\/wp-json\/wp\/v2\/pages\/1448"}],"collection":[{"href":"https:\/\/coweeducation.com\/index.php\/wp-json\/wp\/v2\/pages"}],"about":[{"href":"https:\/\/coweeducation.com\/index.php\/wp-json\/wp\/v2\/types\/page"}],"author":[{"embeddable":true,"href":"https:\/\/coweeducation.com\/index.php\/wp-json\/wp\/v2\/users\/1"}],"replies":[{"embeddable":true,"href":"https:\/\/coweeducation.com\/index.php\/wp-json\/wp\/v2\/comments?post=1448"}],"version-history":[{"count":98,"href":"https:\/\/coweeducation.com\/index.php\/wp-json\/wp\/v2\/pages\/1448\/revisions"}],"predecessor-version":[{"id":25605,"href":"https:\/\/coweeducation.com\/index.php\/wp-json\/wp\/v2\/pages\/1448\/revisions\/25605"}],"wp:attachment":[{"href":"https:\/\/coweeducation.com\/index.php\/wp-json\/wp\/v2\/media?parent=1448"}],"curies":[{"name":"wp","href":"https:\/\/api.w.org\/{rel}","templated":true}]}}